{"id":369546,"date":"2025-06-17T21:53:41","date_gmt":"2025-06-17T19:53:41","guid":{"rendered":"https:\/\/staging-u.familjegladjese.hemsida.eu\/?post_type=product&#038;p=369546"},"modified":"2025-06-18T00:19:35","modified_gmt":"2025-06-17T22:19:35","slug":"safetystories-from-trauma-to-safety-kopia-2","status":"publish","type":"product","link":"https:\/\/staging-u.familjegladjese.hemsida.eu\/en\/product\/safetystories-from-trauma-to-safety-kopia-2\/","title":{"rendered":"Safety stories \u2013 From trauma to safety"},"content":{"rendered":"<p>[et_pb_section fb_built=&#8221;1&#8243; admin_label=&#8221;DP Product Page V-07&#8243; _builder_version=&#8221;4.19.2&#8243; _module_preset=&#8221;default&#8221; custom_padding=&#8221;0px||0px||true|false&#8221; global_colors_info=&#8221;{}&#8221;][et_pb_row _builder_version=&#8221;4.27.4&#8243; _module_preset=&#8221;default&#8221; width=&#8221;100%&#8221; custom_padding=&#8221;19px||0px||false|false&#8221; global_colors_info=&#8221;{}&#8221;][et_pb_column type=&#8221;4_4&#8243; _builder_version=&#8221;4.27.4&#8243; _module_preset=&#8221;default&#8221; global_colors_info=&#8221;{}&#8221;][et_pb_wc_breadcrumb breadcrumb_home_text=&#8221;Startsida&#8221; _builder_version=&#8221;4.27.4&#8243; _module_preset=&#8221;default&#8221; link_text_color=&#8221;rgba(44,135,121,0.87)&#8221; text_orientation=&#8221;center&#8221; custom_padding=&#8221;||5px||false|false&#8221; global_colors_info=&#8221;{}&#8221;][\/et_pb_wc_breadcrumb][et_pb_divider color=&#8221;#F0F1F1&#8243; _builder_version=&#8221;4.27.4&#8243; _module_preset=&#8221;default&#8221; global_colors_info=&#8221;{}&#8221;][\/et_pb_divider][\/et_pb_column][\/et_pb_row][et_pb_row column_structure=&#8221;1_3,2_3&#8243; use_custom_gutter=&#8221;on&#8221; gutter_width=&#8221;1&#8243; make_equal=&#8221;on&#8221; admin_label=&#8221;single product&#8221; _builder_version=&#8221;4.27.4&#8243; _module_preset=&#8221;default&#8221; width=&#8221;100%&#8221; max_width=&#8221;2560px&#8221; custom_padding=&#8221;0px||0px||true|false&#8221; collapsed=&#8221;off&#8221; global_colors_info=&#8221;{}&#8221;][et_pb_column type=&#8221;1_3&#8243; _builder_version=&#8221;4.19.2&#8243; _module_preset=&#8221;default&#8221; global_colors_info=&#8221;{}&#8221;][et_pb_wc_gallery product=&#8221;239772&#8243; _builder_version=&#8221;4.27.4&#8243; _module_preset=&#8221;default&#8221; box_shadow_style=&#8221;preset3&#8243; global_colors_info=&#8221;{}&#8221;][\/et_pb_wc_gallery][\/et_pb_column][et_pb_column type=&#8221;2_3&#8243; _builder_version=&#8221;4.27.4&#8243; _module_preset=&#8221;default&#8221; background_color=&#8221;rgba(229,223,213,0.6)&#8221; global_colors_info=&#8221;{}&#8221;][et_pb_wc_cart_notice _builder_version=&#8221;4.20.0&#8243; _module_preset=&#8221;default&#8221; title_font=&#8221;Jost||||||||&#8221; background_color=&#8221;#000000&#8243; custom_button=&#8221;on&#8221; button_text_size=&#8221;16px&#8221; button_text_color=&#8221;#000000&#8243; button_font=&#8221;Jost||||||||&#8221; button_use_icon=&#8221;off&#8221; custom_margin=&#8221;30px|30px|2em|30px|false|true&#8221; global_colors_info=&#8221;{}&#8221;][\/et_pb_wc_cart_notice][et_pb_wc_title product=&#8221;239772&#8243; _builder_version=&#8221;4.27.4&#8243; _module_preset=&#8221;default&#8221; header_font=&#8221;Urbanist||||||||&#8221; header_text_align=&#8221;left&#8221; header_text_color=&#8221;#0A0808&#8243; header_font_size=&#8221;50px&#8221; custom_padding=&#8221;30px|60px||60px|false|true&#8221; header_font_size_tablet=&#8221;50px&#8221; header_font_size_phone=&#8221;36px&#8221; header_font_size_last_edited=&#8221;on|phone&#8221; global_colors_info=&#8221;{}&#8221;][\/et_pb_wc_title][et_pb_wc_price product=&#8221;239772&#8243; _builder_version=&#8221;4.27.4&#8243; _module_preset=&#8221;default&#8221; body_font=&#8221;Urbanist|500|||||||&#8221; body_text_color=&#8221;#0A0808&#8243; body_font_size=&#8221;36px&#8221; text_orientation=&#8221;left&#8221; custom_padding=&#8221;30px|60px||60px|false|true&#8221; global_colors_info=&#8221;{}&#8221;][\/et_pb_wc_price][et_pb_wc_description product=&#8221;239772&#8243; description_type=&#8221;description&#8221; _builder_version=&#8221;4.27.4&#8243; _module_preset=&#8221;default&#8221; body_font=&#8221;Urbanist|300|||||||&#8221; body_text_color=&#8221;#282828&#8243; body_font_size=&#8221;17px&#8221; custom_padding=&#8221;40px|60px||60px|false|true&#8221; global_colors_info=&#8221;{}&#8221;][\/et_pb_wc_description][et_pb_button button_url=&#8221;https:\/\/borellme.se\/checkout\/?add-to-cart=9088&#8243; button_text=&#8221;Buy now&#8221; button_alignment=&#8221;left&#8221; _builder_version=&#8221;4.27.4&#8243; _module_preset=&#8221;default&#8221; custom_button=&#8221;on&#8221; button_bg_color=&#8221;#0a0a0a&#8221; button_border_width=&#8221;0px&#8221; button_border_radius=&#8221;0px&#8221; background_layout=&#8221;dark&#8221; custom_margin=&#8221;19px|||56px|false|false&#8221; custom_padding=&#8221;|100px||100px|false|true&#8221; global_colors_info=&#8221;{}&#8221;][\/et_pb_button][\/et_pb_column][\/et_pb_row][et_pb_row _builder_version=&#8221;4.27.4&#8243; _module_preset=&#8221;default&#8221; width=&#8221;100%&#8221; custom_padding=&#8221;61px||||false|false&#8221; global_colors_info=&#8221;{}&#8221;][et_pb_column type=&#8221;4_4&#8243; _builder_version=&#8221;4.27.4&#8243; _module_preset=&#8221;default&#8221; global_colors_info=&#8221;{}&#8221;][et_pb_divider color=&#8221;#F0F1F1&#8243; _builder_version=&#8221;4.27.4&#8243; _module_preset=&#8221;default&#8221; global_colors_info=&#8221;{}&#8221;][\/et_pb_divider][\/et_pb_column][\/et_pb_row][\/et_pb_section][et_pb_section fb_built=&#8221;1&#8243; _builder_version=&#8221;4.27.4&#8243; _module_preset=&#8221;default&#8221; global_colors_info=&#8221;{}&#8221;][et_pb_row column_structure=&#8221;2_5,3_5&#8243; _builder_version=&#8221;4.27.4&#8243; _module_preset=&#8221;default&#8221; custom_padding=&#8221;||40px||false|false&#8221; global_colors_info=&#8221;{}&#8221;][et_pb_column type=&#8221;2_5&#8243; _builder_version=&#8221;4.27.4&#8243; _module_preset=&#8221;default&#8221; global_colors_info=&#8221;{}&#8221;][et_pb_image src=&#8221;https:\/\/staging-u.familjegladjese.hemsida.eu\/wp-content\/uploads\/2025\/04\/borell_forfattare_ulrika_ernvik.webp&#8221; title_text=&#8221;borell_author_ulrika_ernvik&#8221; _builder_version=&#8221;4.27.4&#8243; _module_preset=&#8221;default&#8221; global_colors_info=&#8221;{}&#8221;][\/et_pb_image][\/et_pb_column][et_pb_column type=&#8221;3_5&#8243; _builder_version=&#8221;4.27.4&#8243; _module_preset=&#8221;default&#8221; global_colors_info=&#8221;{}&#8221;][et_pb_text _builder_version=&#8221;4.27.4&#8243; _module_preset=&#8221;default&#8221; text_font=&#8221;Urbanist|200|||||||&#8221; text_font_size=&#8221;18px&#8221; header_font=&#8221;Urbanist|700|||||||&#8221; global_colors_info=&#8221;{}&#8221;]<\/p>\n<h1>Ulrika Ernvik<\/h1>\n<p>Ulrika Ernvik is a social worker, licensed psychotherapist and supervisor with a systems theory focus. She works part-time as a family therapist in primary care, and also offers talks, supervision, lectures and training in her company Familjegl\u00e4dje, both in Sweden and internationally.  <\/p>\n<p>Ulrika Ernvik has previously published:<\/p>\n<p>Breathe with God &#8211; 88 spiritual exercises for all ages, 2018, Argument f\u00f6rlag<\/p>\n<p>Third Culture Kids: A gift to care for, 2019, Family fun<\/p>\n<p>Family therapy &#8211; an exploratory and co-creative game that transforms relationships, 2019, Studentlitteratur<\/p>\n<p>Ecopsychotherapy &#8211; psychotherapy in and with nature for adults and children, 2022, Studentlitteratur<\/p>\n<p>Dig vill jag \u00e4lska &#8211; om modet och g\u00e5van att leva i n\u00e4ra relationer, 2022, Libris f\u00f6rlag.[\/et_pb_text][\/et_pb_column][\/et_pb_row][\/et_pb_section]<\/p>\n","protected":false},"excerpt":{"rendered":"<p class=\"p1\"><span class=\"s1\">\u201cIf anyone could have come and helped you, who would have come?<br \/>\nWhat had it done and said?<br \/>\nHow would it have felt in my body?\u201d<br \/>\nThese three questions are at the core of Safety Stories \u2013<br \/>\n a trauma recovery method developed by Ulrika Ernvik.<\/span><\/p>\n<p class=\"p1\"><span class=\"s1\">Safety Stories is based on the research that has emerged over the past thirty years, primarily in interpersonal neurobiology and memory research. Through security, movement, visualization and<br \/>\nstories, changes can take place within us and between us<br \/>\nthat lead from trauma to security. <\/span><\/p>\n<p class=\"p1\"><span class=\"s1\">Safety stories can be offered both in the<br \/>\n conversation room and in the living room, by professionals and by parents or friends, in the moment or many years after a traumatizing experience. Both adults and children can find the joy and power that makes it possible to dare life again. <\/span><\/p>\n<p class=\"p1\"><span class=\"s1\"><em>Safety stories \u2013 from trauma to safety<\/em> presents a clear ten-step manual together with the research that forms the basis for the method. The book can be read by both those who want to be a support for the traumatized and those who have been traumatized. <span class=\"Apple-converted-space\"> <\/span><\/span><\/p>\n","protected":false},"featured_media":368980,"template":"","meta":{"_acf_changed":false,"_et_pb_use_builder":"on","_et_pb_old_content":"Number of pages: 295.\nWired Danish band.","_et_gb_content_width":"","wds_primary_product_brand":0,"wds_primary_product_cat":0},"product_brand":[],"product_cat":[222],"product_tag":[],"class_list":{"0":"post-369546","1":"product","2":"type-product","3":"status-publish","4":"has-post-thumbnail","6":"product_cat-books","8":"first","9":"instock","10":"taxable","11":"shipping-taxable","12":"product-type-external"},"acf":[],"_links":{"self":[{"href":"https:\/\/staging-u.familjegladjese.hemsida.eu\/en\/wp-json\/wp\/v2\/product\/369546","targetHints":{"allow":["GET"]}}],"collection":[{"href":"https:\/\/staging-u.familjegladjese.hemsida.eu\/en\/wp-json\/wp\/v2\/product"}],"about":[{"href":"https:\/\/staging-u.familjegladjese.hemsida.eu\/en\/wp-json\/wp\/v2\/types\/product"}],"wp:featuredmedia":[{"embeddable":true,"href":"https:\/\/staging-u.familjegladjese.hemsida.eu\/en\/wp-json\/wp\/v2\/media\/368980"}],"wp:attachment":[{"href":"https:\/\/staging-u.familjegladjese.hemsida.eu\/en\/wp-json\/wp\/v2\/media?parent=369546"}],"wp:term":[{"taxonomy":"product_brand","embeddable":true,"href":"https:\/\/staging-u.familjegladjese.hemsida.eu\/en\/wp-json\/wp\/v2\/product_brand?post=369546"},{"taxonomy":"product_cat","embeddable":true,"href":"https:\/\/staging-u.familjegladjese.hemsida.eu\/en\/wp-json\/wp\/v2\/product_cat?post=369546"},{"taxonomy":"product_tag","embeddable":true,"href":"https:\/\/staging-u.familjegladjese.hemsida.eu\/en\/wp-json\/wp\/v2\/product_tag?post=369546"}],"curies":[{"name":"wp","href":"https:\/\/api.w.org\/{rel}","templated":true}]}}